{"id":3086,"date":"2019-06-24T13:50:20","date_gmt":"2019-06-24T13:50:20","guid":{"rendered":"https:\/\/instructors.keysiworld.com\/?page_id=3086"},"modified":"2019-06-24T13:53:24","modified_gmt":"2019-06-24T13:53:24","slug":"datenschutz","status":"publish","type":"page","link":"https:\/\/courses.keysiworld.com\/de\/datenschutz\/","title":{"rendered":"Datenschutz"},"content":{"rendered":"<p><strong>Informationen zum Datenschutz<\/strong><\/p>\n<p>Der Schutz Ihrer personenbezogenen Daten ist uns wichtig. Nach der EU-Datenschutz-Grundverordnung (DSGVO) sind wir verpflichtet, Sie dar\u00fcber zu informieren, zu welchem Zweck unsere Gesellschaft\/Verein\/Gewerbe und die von ihr beauftragten Personen oder Unternehmen Daten erheben, speichern, verarbeiten, weiterleiten oder erhalten. Dieser Information k\u00f6nnen Sie auch entnehmen, welche Rechte Sie in puncto Datenschutz haben.<\/p>\n<p>&nbsp;<\/p>\n<ol>\n<li><strong> VERANTWORTLICHE STELLE F\u00dcR DEN DATENSCHUTZ<\/strong><\/li>\n<\/ol>\n<p>Name Firma \/ Verein \/ Gewerbe: \u201eKeysi Germany\u201c<\/p>\n<p>Vertretungsberechtigte Person: Rouven Siegele<br \/>\nAnschrift: Eberst\u00e4dter Str. 20, 74189 Weinsberg, Deutschland<br \/>\nKontaktdaten: kontakt@keysi.net<\/p>\n<p>&nbsp;<\/p>\n<ol start=\"2\">\n<li><strong> ZWECK DER DATENVERARBEITUNG<\/strong><\/li>\n<\/ol>\n<p>Die Datenverarbeitung erfolgt unter Beachtung gesetzlicher Vorgaben, um ein Gesch\u00e4ftsverh\u00e4ltnis zwischen der\/dem oben genannten Firma \/ Verein \/ Gewerbeund der unterzeichnenden Person zu begr\u00fcnden bzw. aufrecht zu erhalten. Hierzu verarbeiten wir die personenbezogenen Daten welche Sie uns zur Verf\u00fcgung stellen.<\/p>\n<p>Die Erhebung und Verarbeitung von personenbezogenen Daten ist Voraussetzung f\u00fcr Ihre Zusammenarbeit mit der\/dem oben genannten Firma \/ Verein \/ Gewerbe. Dies betrifft vor allem die Bereiche Training, Ausbildung, Zertifizierung, Unterrichtsbetrieb, Mitgliedschaften, Erwerb von Ausr\u00fcstung usw.<\/p>\n<p>&nbsp;<\/p>\n<ol start=\"3\">\n<li><strong> EMPF\u00c4NGER IHRER DATEN<\/strong><\/li>\n<\/ol>\n<p>Wir \u00fcbermitteln Ihre personenbezogenen Daten, Kontaktdaten sowie Zahlungsdaten nur dann wenn dies zur weiteren Verarbeitung n\u00f6tig ist, z.B. Weitergabe der Daten an die KEYSI WORLD SL Zentrale oder die nationalen KEYSI Vertretungen oder an andere f\u00fcr die Bearbeitung zust\u00e4ndige\/zu involvierende Stellen z.B. Banken, Finanzbeh\u00f6rden usw.<br \/>\nSollten Sie uns Ihre Mobilfunknummer zur Verf\u00fcgung stellen weisen wir darauf hin, dass wir uns vorbehalten die Dienste von WhatsApp oder vergleichbarer Anbieter zur Kommunikation zu nutzen.<\/p>\n<p>&nbsp;<\/p>\n<ol start=\"4\">\n<li><strong> SPEICHERUNG IHRER DATEN<\/strong><\/li>\n<\/ol>\n<p>Wir bewahren Ihre personenbezogenen Daten nur solange auf, wie dies im Rahmen der Zusammenarbeit erforderlich ist, ansonsten halten wir uns an die gesetzlich vorgeschriebenen Fristen zur L\u00f6schung. Aufgrund rechtlicher Vorgaben sind wir dazu verpflichtet, einige diese Daten bei Vertragsverh\u00e4ltnissen, Abrechnungen und steuerrelevanten Unterlagen mindestens 10 Kalenderjahre bis nach Beendigung des Vertragsverh\u00e4ltnissen oder Jahr der Rechnungsstellung aufzubewahren.<\/p>\n<p>&nbsp;<\/p>\n<ol start=\"5\">\n<li><strong> IHRE RECHTE <\/strong><\/li>\n<\/ol>\n<p>Sie haben das Recht, \u00fcber die Sie betreffenden personenbezogenen Daten Auskunft zu erhalten. Auch k\u00f6nnen Sie die Berichtigung unrichtiger Daten verlangen.<\/p>\n<p>Dar\u00fcber hinaus steht Ihnen unter bestimmten Voraussetzungen das Recht auf L\u00f6schung von Daten, das Recht auf Einschr\u00e4nkung der Datenverarbeitung sowie das Recht auf Daten\u00fcbertragbarkeit zu. Die Verarbeitung Ihrer Daten erfolgt auf Basis von gesetzlichen Regelungen.<\/p>\n<p>Sie haben das Recht, die erteilte Einwilligung f\u00fcr die Verarbeitung von pers\u00f6nlichen Daten zu widerrufen. In diesem Fall findet eine Pr\u00fcfung der weiteren Zusammenarbeit statt.<\/p>\n<p>Sie haben ferner das Recht, sich bei der zust\u00e4ndigen Aufsichtsbeh\u00f6rde f\u00fcr den Datenschutz zu beschweren, wenn Sie der Ansicht sind, dass die Verarbeitung Ihrer personenbezogenen Daten nicht rechtm\u00e4\u00dfig erfolgt.<\/p>\n<p>Die Kontaktdaten der f\u00fcr den Datenschutz bei der\/dem unter Punkt 1. genannten Firma \/ Verein \/ Gewerbezust\u00e4ndigen Aufsichtsbeh\u00f6rden lauten:<br \/>\nDer Bundesbeauftragte f\u00fcr den Datenschutz und die Informationsfreiheit<\/p>\n<p>Husarenstra\u00dfe 30<br \/>\nD &#8211; 53117 Bonn<br \/>\nTel.: +49 (0)228 997799-0<\/p>\n<p>&nbsp;<\/p>\n<ol start=\"6\">\n<li><strong> RECHTLICHE GRUNDLAGEN<\/strong><\/li>\n<\/ol>\n<p>Rechtsgrundlage f\u00fcr die Verarbeitung Ihrer Daten sind Artikel 6 und Artikel 9 DSGVO in Verbindung mit \u00a722 und \u00a746 Bundesdatenschutzgesetz. Sollten Sie Fragen haben, k\u00f6nnen Sie sich gern an uns wenden.<\/p>\n<p>&nbsp;<\/p>\n<p>Mit freundlichen Gr\u00fc\u00dfen<\/p>\n<p>Rouven Siegele<\/p>\n","protected":false},"excerpt":{"rendered":"<p>Informationen zum Datenschutz Der Schutz Ihrer personenbezogenen Daten ist uns wichtig. Nach der EU-Datenschutz-Grundverordnung (DSGVO) sind wir verpflichtet, Sie dar\u00fcber zu informieren, zu welchem Zweck unsere Gesellschaft\/Verein\/Gewerbe und die von ihr beauftragten Personen oder Unternehmen Daten erheben, speichern, verarbeiten, weiterleiten oder erhalten. Dieser Information k\u00f6nnen Sie auch entnehmen, welche Rechte Sie in puncto Datenschutz haben. [&hellip;]<\/p>\n","protected":false},"author":109,"featured_media":0,"parent":0,"menu_order":0,"comment_status":"closed","ping_status":"closed","template":"","meta":{"footnotes":""},"class_list":["post-3086","page","type-page","status-publish","hentry"],"_links":{"self":[{"href":"https:\/\/courses.keysiworld.com\/de\/wp-json\/wp\/v2\/pages\/3086","targetHints":{"allow":["GET"]}}],"collection":[{"href":"https:\/\/courses.keysiworld.com\/de\/wp-json\/wp\/v2\/pages"}],"about":[{"href":"https:\/\/courses.keysiworld.com\/de\/wp-json\/wp\/v2\/types\/page"}],"author":[{"embeddable":true,"href":"https:\/\/courses.keysiworld.com\/de\/wp-json\/wp\/v2\/users\/109"}],"replies":[{"embeddable":true,"href":"https:\/\/courses.keysiworld.com\/de\/wp-json\/wp\/v2\/comments?post=3086"}],"version-history":[{"count":0,"href":"https:\/\/courses.keysiworld.com\/de\/wp-json\/wp\/v2\/pages\/3086\/revisions"}],"wp:attachment":[{"href":"https:\/\/courses.keysiworld.com\/de\/wp-json\/wp\/v2\/media?parent=3086"}],"curies":[{"name":"wp","href":"https:\/\/api.w.org\/{rel}","templated":true}]}}